{"id":147,"date":"2020-10-15T00:22:20","date_gmt":"2020-10-14T22:22:20","guid":{"rendered":"https:\/\/congresoestudiantesdoctorado.umh.es\/?page_id=147"},"modified":"2025-10-28T13:59:57","modified_gmt":"2025-10-28T12:59:57","slug":"contribuciones","status":"publish","type":"page","link":"https:\/\/congresoestudiantesdoctorado.umh.es\/ca\/contribuciones\/","title":{"rendered":"Contribucions"},"content":{"rendered":"<p><\/p>\n<p style=\"text-align: justify\">El <strong>VI Congr\u00e9s Anual Internacional d\u2019Estudiants de Doctorat<\/strong> (CAIED) ofereix l\u2019oportunitat de presentar els teus avan\u00e7os de recerca en format <strong>p\u00f2ster<\/strong> o <strong>oral<\/strong>, i podr\u00e0s fer-ho en <strong>angl\u00e8s<\/strong> o <strong>espanyol<\/strong>. Tots els resums acceptats es publicaran en el \u201c<strong>Llibre d&#8217;Abstracts<\/strong>\u201d de l\u2019<em>Editorial Electr\u00f2nica<\/em> de la Universitat Miguel Hern\u00e1ndez d\u2019Elx, el qual comptar\u00e0 amb ISBN. A m\u00e9s, com a novetat d\u2019enguany, les presentacions es <strong>gravaran<\/strong> i estaran <strong>disponibles<\/strong> al canal de <strong>YouTube<\/strong> de la <strong>UMH<\/strong>.<\/p>\n<p><strong>Qui pot participar?<\/strong><br \/>\nEl congr\u00e9s est\u00e0 obert a qualsevol estudiant de doctorat de qualsevol universitat.<\/p>\n<p><strong>Com enviar la teua contribuci\u00f3?<\/strong><\/p>\n<ol>\n<li style=\"text-align: justify\"><strong>Prepara el teu resum<\/strong>: inclou t\u00edtol, autors, afiliaci\u00f3 i una breu descripci\u00f3 de la teua recerca.<\/li>\n<li style=\"text-align: justify\"><strong>Tria el format<\/strong>: si presentes el teu pla de recerca o la idea de la teua tesi, nom\u00e9s podr\u00e0s fer-ho en format p\u00f2ster. Per a altres temes, pots triar entre format oral o p\u00f2ster.<\/li>\n<li style=\"text-align: justify\"><strong>Envia\u2019l<\/strong>: accedeix a la secci\u00f3 d\u2019inscripcions i completa el formulari.<\/li>\n<\/ol>\n<p><strong>Per a presentacions orals<\/strong>: envia el teu resum abans del <strong>23 de novembre de 2025<\/strong>.<br \/>\n<strong>Per a p\u00f2sters<\/strong>: tens fins al <strong>07 de desembre de 2025<\/strong> per enviar el teu resum.<\/p>\n<p style=\"text-align: justify\"><em>L\u2019organitzaci\u00f3 del congr\u00e9s es reserva el dret de realitzar\/proposar canvis en el format de presentaci\u00f3 de les contribucions.<\/em><\/p>\n<p><\/p>","protected":false},"excerpt":{"rendered":"<p>El VI Congr\u00e9s Anual Internacional d\u2019Estudiants de Doctorat (CAIED) ofereix l\u2019oportunitat de presentar els teus avan\u00e7os de recerca en format p\u00f2ster o oral, i podr\u00e0s fer-ho en angl\u00e8s o espanyol. Tots els resums acceptats es publicaran en el \u201cLlibre d&#8217;Abstracts\u201d de l\u2019Editorial Electr\u00f2nica de la Universitat Miguel Hern\u00e1ndez d\u2019Elx, el qual comptar\u00e0 amb ISBN. A [&#8230;]<\/p>\n","protected":false},"author":3829,"featured_media":0,"parent":0,"menu_order":3,"comment_status":"closed","ping_status":"closed","template":"","meta":{"_links_to":"","_links_to_target":""},"_links":{"self":[{"href":"https:\/\/congresoestudiantesdoctorado.umh.es\/ca\/wp-json\/wp\/v2\/pages\/147"}],"collection":[{"href":"https:\/\/congresoestudiantesdoctorado.umh.es\/ca\/wp-json\/wp\/v2\/pages"}],"about":[{"href":"https:\/\/congresoestudiantesdoctorado.umh.es\/ca\/wp-json\/wp\/v2\/types\/page"}],"author":[{"embeddable":true,"href":"https:\/\/congresoestudiantesdoctorado.umh.es\/ca\/wp-json\/wp\/v2\/users\/3829"}],"replies":[{"embeddable":true,"href":"https:\/\/congresoestudiantesdoctorado.umh.es\/ca\/wp-json\/wp\/v2\/comments?post=147"}],"version-history":[{"count":0,"href":"https:\/\/congresoestudiantesdoctorado.umh.es\/ca\/wp-json\/wp\/v2\/pages\/147\/revisions"}],"wp:attachment":[{"href":"https:\/\/congresoestudiantesdoctorado.umh.es\/ca\/wp-json\/wp\/v2\/media?parent=147"}],"curies":[{"name":"wp","href":"https:\/\/api.w.org\/{rel}","templated":true}]}}