{"id":2303,"date":"2024-10-08T14:46:50","date_gmt":"2024-10-08T12:46:50","guid":{"rendered":"https:\/\/congresoestudiantesdoctorado.umh.es\/?page_id=2303"},"modified":"2024-11-20T16:57:07","modified_gmt":"2024-11-20T15:57:07","slug":"iv-caied","status":"publish","type":"page","link":"https:\/\/congresoestudiantesdoctorado.umh.es\/ca\/ediciones-previas\/iv-caied\/","title":{"rendered":"<span lang=\"es\">(Espa\u00f1ol) IV CAIED<\/span>"},"content":{"rendered":"<p>La quarta edici\u00f3 del <strong>Congr\u00e9s Anual Internacional d&#8217;Estudiants de Doctorat (CAIED)<\/strong> va tindre lloc de manera en l\u00ednia durant els dies 1 i 2 de febrer de 2024.<\/p>\n<p>A continuaci\u00f3 us deixem tota la informaci\u00f3 d&#8217;esta edici\u00f3:<\/p>\n<p><a href=\"https:\/\/drive.google.com\/file\/d\/1eqU2WuJPY7pmHkOFLHHe2doHpvXwvejL\/view\">Programa i llistat de contribucions<\/a><\/p>\n<p><a href=\"https:\/\/editorial.umh.es\/2024\/11\/13\/annual-international-congress-of-doctoral-students-2024\/\" target=\"_blank\" rel=\"noopener\">Llibre d&#8217;abstracts<\/a><\/p>\n<h3>Escola de Doctorat<\/h3>\n<p><img loading=\"lazy\" class=\"alignnone size-medium wp-image-2165\" src=\"https:\/\/congresoestudiantesdoctorado.umh.es\/files\/2023\/10\/Diapositiva1-12-300x169.png\" alt=\"\" width=\"300\" height=\"169\" srcset=\"https:\/\/congresoestudiantesdoctorado.umh.es\/files\/2023\/10\/Diapositiva1-12-300x169.png 300w, https:\/\/congresoestudiantesdoctorado.umh.es\/files\/2023\/10\/Diapositiva1-12-1024x576.png 1024w, https:\/\/congresoestudiantesdoctorado.umh.es\/files\/2023\/10\/Diapositiva1-12-768x432.png 768w, https:\/\/congresoestudiantesdoctorado.umh.es\/files\/2023\/10\/Diapositiva1-12.png 1280w\" sizes=\"(max-width: 300px) 100vw, 300px\" \/> <img loading=\"lazy\" class=\"alignnone size-medium wp-image-2238\" src=\"https:\/\/congresoestudiantesdoctorado.umh.es\/files\/2023\/10\/Diapositiva2-11-300x169.png\" alt=\"\" width=\"300\" height=\"169\" srcset=\"https:\/\/congresoestudiantesdoctorado.umh.es\/files\/2023\/10\/Diapositiva2-11-300x169.png 300w, https:\/\/congresoestudiantesdoctorado.umh.es\/files\/2023\/10\/Diapositiva2-11-1024x576.png 1024w, https:\/\/congresoestudiantesdoctorado.umh.es\/files\/2023\/10\/Diapositiva2-11-768x432.png 768w, https:\/\/congresoestudiantesdoctorado.umh.es\/files\/2023\/10\/Diapositiva2-11.png 1280w\" sizes=\"(max-width: 300px) 100vw, 300px\" \/>\u00a0<img loading=\"lazy\" class=\"alignnone size-medium wp-image-2171\" src=\"https:\/\/congresoestudiantesdoctorado.umh.es\/files\/2023\/10\/Diapositiva3-9-300x169.png\" alt=\"\" width=\"300\" height=\"169\" srcset=\"https:\/\/congresoestudiantesdoctorado.umh.es\/files\/2023\/10\/Diapositiva3-9-300x169.png 300w, https:\/\/congresoestudiantesdoctorado.umh.es\/files\/2023\/10\/Diapositiva3-9-1024x576.png 1024w, https:\/\/congresoestudiantesdoctorado.umh.es\/files\/2023\/10\/Diapositiva3-9-768x432.png 768w, https:\/\/congresoestudiantesdoctorado.umh.es\/files\/2023\/10\/Diapositiva3-9.png 1280w\" sizes=\"(max-width: 300px) 100vw, 300px\" \/> <img loading=\"lazy\" class=\"alignnone size-medium wp-image-2174\" src=\"https:\/\/congresoestudiantesdoctorado.umh.es\/files\/2023\/10\/Diapositiva4-11-300x169.png\" alt=\"\" width=\"300\" height=\"169\" srcset=\"https:\/\/congresoestudiantesdoctorado.umh.es\/files\/2023\/10\/Diapositiva4-11-300x169.png 300w, https:\/\/congresoestudiantesdoctorado.umh.es\/files\/2023\/10\/Diapositiva4-11-1024x576.png 1024w, https:\/\/congresoestudiantesdoctorado.umh.es\/files\/2023\/10\/Diapositiva4-11-768x432.png 768w, https:\/\/congresoestudiantesdoctorado.umh.es\/files\/2023\/10\/Diapositiva4-11.png 1280w\" sizes=\"(max-width: 300px) 100vw, 300px\" \/> <img loading=\"lazy\" class=\"alignnone size-medium wp-image-2177\" src=\"https:\/\/congresoestudiantesdoctorado.umh.es\/files\/2023\/10\/Diapositiva5-10-300x169.png\" alt=\"\" width=\"300\" height=\"169\" srcset=\"https:\/\/congresoestudiantesdoctorado.umh.es\/files\/2023\/10\/Diapositiva5-10-300x169.png 300w, https:\/\/congresoestudiantesdoctorado.umh.es\/files\/2023\/10\/Diapositiva5-10-1024x576.png 1024w, https:\/\/congresoestudiantesdoctorado.umh.es\/files\/2023\/10\/Diapositiva5-10-768x432.png 768w, https:\/\/congresoestudiantesdoctorado.umh.es\/files\/2023\/10\/Diapositiva5-10.png 1280w\" sizes=\"(max-width: 300px) 100vw, 300px\" \/><\/p>\n<h3><strong>Coordinadors<\/strong><\/h3>\n<p><img loading=\"lazy\" class=\"alignnone size-medium wp-image-2183\" src=\"https:\/\/congresoestudiantesdoctorado.umh.es\/files\/2023\/10\/Diapositiva7-9-300x169.png\" alt=\"\" width=\"300\" height=\"169\" srcset=\"https:\/\/congresoestudiantesdoctorado.umh.es\/files\/2023\/10\/Diapositiva7-9-300x169.png 300w, https:\/\/congresoestudiantesdoctorado.umh.es\/files\/2023\/10\/Diapositiva7-9-1024x576.png 1024w, https:\/\/congresoestudiantesdoctorado.umh.es\/files\/2023\/10\/Diapositiva7-9-768x432.png 768w, https:\/\/congresoestudiantesdoctorado.umh.es\/files\/2023\/10\/Diapositiva7-9.png 1280w\" sizes=\"(max-width: 300px) 100vw, 300px\" \/><img loading=\"lazy\" class=\"alignnone size-medium wp-image-2241\" src=\"https:\/\/congresoestudiantesdoctorado.umh.es\/files\/2023\/10\/Diapositiva5-11-300x169.png\" alt=\"\" width=\"300\" height=\"169\" srcset=\"https:\/\/congresoestudiantesdoctorado.umh.es\/files\/2023\/10\/Diapositiva5-11-300x169.png 300w, https:\/\/congresoestudiantesdoctorado.umh.es\/files\/2023\/10\/Diapositiva5-11-1024x576.png 1024w, https:\/\/congresoestudiantesdoctorado.umh.es\/files\/2023\/10\/Diapositiva5-11-768x432.png 768w, https:\/\/congresoestudiantesdoctorado.umh.es\/files\/2023\/10\/Diapositiva5-11.png 1280w\" sizes=\"(max-width: 300px) 100vw, 300px\" \/>\u00a0\u00a0<img loading=\"lazy\" class=\"alignnone size-medium wp-image-2186\" src=\"https:\/\/congresoestudiantesdoctorado.umh.es\/files\/2023\/10\/Diapositiva8-9-300x169.png\" alt=\"\" width=\"300\" height=\"169\" srcset=\"https:\/\/congresoestudiantesdoctorado.umh.es\/files\/2023\/10\/Diapositiva8-9-300x169.png 300w, https:\/\/congresoestudiantesdoctorado.umh.es\/files\/2023\/10\/Diapositiva8-9-1024x576.png 1024w, https:\/\/congresoestudiantesdoctorado.umh.es\/files\/2023\/10\/Diapositiva8-9-768x432.png 768w, https:\/\/congresoestudiantesdoctorado.umh.es\/files\/2023\/10\/Diapositiva8-9.png 1280w\" sizes=\"(max-width: 300px) 100vw, 300px\" \/><\/p>\n<h3><strong>Representants Comit\u00e9 Organitzador<\/strong><\/h3>\n<p><img loading=\"lazy\" class=\"alignnone size-medium wp-image-2189\" src=\"https:\/\/congresoestudiantesdoctorado.umh.es\/files\/2023\/10\/Diapositiva9-9-300x169.png\" alt=\"\" width=\"300\" height=\"169\" srcset=\"https:\/\/congresoestudiantesdoctorado.umh.es\/files\/2023\/10\/Diapositiva9-9-300x169.png 300w, https:\/\/congresoestudiantesdoctorado.umh.es\/files\/2023\/10\/Diapositiva9-9-1024x576.png 1024w, https:\/\/congresoestudiantesdoctorado.umh.es\/files\/2023\/10\/Diapositiva9-9-768x432.png 768w, https:\/\/congresoestudiantesdoctorado.umh.es\/files\/2023\/10\/Diapositiva9-9.png 1280w\" sizes=\"(max-width: 300px) 100vw, 300px\" \/> <img loading=\"lazy\" class=\"alignnone size-medium wp-image-2192\" src=\"https:\/\/congresoestudiantesdoctorado.umh.es\/files\/2023\/10\/Diapositiva10-10-300x169.png\" alt=\"\" width=\"300\" height=\"169\" srcset=\"https:\/\/congresoestudiantesdoctorado.umh.es\/files\/2023\/10\/Diapositiva10-10-300x169.png 300w, https:\/\/congresoestudiantesdoctorado.umh.es\/files\/2023\/10\/Diapositiva10-10-1024x576.png 1024w, https:\/\/congresoestudiantesdoctorado.umh.es\/files\/2023\/10\/Diapositiva10-10-768x432.png 768w, https:\/\/congresoestudiantesdoctorado.umh.es\/files\/2023\/10\/Diapositiva10-10.png 1280w\" sizes=\"(max-width: 300px) 100vw, 300px\" \/><\/p>\n<p><strong>Comit\u00e9 Organitzador<\/strong><\/p>\n<p><img loading=\"lazy\" class=\"alignnone size-medium wp-image-2195\" src=\"https:\/\/congresoestudiantesdoctorado.umh.es\/files\/2023\/10\/Diapositiva11-9-300x169.png\" alt=\"\" width=\"300\" height=\"169\" srcset=\"https:\/\/congresoestudiantesdoctorado.umh.es\/files\/2023\/10\/Diapositiva11-9-300x169.png 300w, https:\/\/congresoestudiantesdoctorado.umh.es\/files\/2023\/10\/Diapositiva11-9-1024x576.png 1024w, https:\/\/congresoestudiantesdoctorado.umh.es\/files\/2023\/10\/Diapositiva11-9-768x432.png 768w, https:\/\/congresoestudiantesdoctorado.umh.es\/files\/2023\/10\/Diapositiva11-9.png 1280w\" sizes=\"(max-width: 300px) 100vw, 300px\" \/> <img loading=\"lazy\" class=\"alignnone size-medium wp-image-2198\" src=\"https:\/\/congresoestudiantesdoctorado.umh.es\/files\/2023\/10\/Diapositiva12-9-300x169.png\" alt=\"\" width=\"300\" height=\"169\" srcset=\"https:\/\/congresoestudiantesdoctorado.umh.es\/files\/2023\/10\/Diapositiva12-9-300x169.png 300w, https:\/\/congresoestudiantesdoctorado.umh.es\/files\/2023\/10\/Diapositiva12-9-1024x576.png 1024w, https:\/\/congresoestudiantesdoctorado.umh.es\/files\/2023\/10\/Diapositiva12-9-768x432.png 768w, https:\/\/congresoestudiantesdoctorado.umh.es\/files\/2023\/10\/Diapositiva12-9.png 1280w\" sizes=\"(max-width: 300px) 100vw, 300px\" \/> <img loading=\"lazy\" class=\"alignnone size-medium wp-image-2201\" src=\"https:\/\/congresoestudiantesdoctorado.umh.es\/files\/2023\/10\/Diapositiva13-9-300x169.png\" alt=\"\" width=\"300\" height=\"169\" srcset=\"https:\/\/congresoestudiantesdoctorado.umh.es\/files\/2023\/10\/Diapositiva13-9-300x169.png 300w, https:\/\/congresoestudiantesdoctorado.umh.es\/files\/2023\/10\/Diapositiva13-9-1024x576.png 1024w, https:\/\/congresoestudiantesdoctorado.umh.es\/files\/2023\/10\/Diapositiva13-9-768x432.png 768w, https:\/\/congresoestudiantesdoctorado.umh.es\/files\/2023\/10\/Diapositiva13-9.png 1280w\" sizes=\"(max-width: 300px) 100vw, 300px\" \/> <img loading=\"lazy\" class=\"alignnone size-medium wp-image-2204\" src=\"https:\/\/congresoestudiantesdoctorado.umh.es\/files\/2023\/10\/Diapositiva14-9-300x169.png\" alt=\"\" width=\"300\" height=\"169\" srcset=\"https:\/\/congresoestudiantesdoctorado.umh.es\/files\/2023\/10\/Diapositiva14-9-300x169.png 300w, https:\/\/congresoestudiantesdoctorado.umh.es\/files\/2023\/10\/Diapositiva14-9-1024x576.png 1024w, https:\/\/congresoestudiantesdoctorado.umh.es\/files\/2023\/10\/Diapositiva14-9-768x432.png 768w, https:\/\/congresoestudiantesdoctorado.umh.es\/files\/2023\/10\/Diapositiva14-9.png 1280w\" sizes=\"(max-width: 300px) 100vw, 300px\" \/> <img loading=\"lazy\" class=\"alignnone size-medium wp-image-2207\" src=\"https:\/\/congresoestudiantesdoctorado.umh.es\/files\/2023\/10\/Diapositiva15-9-300x169.png\" alt=\"\" width=\"300\" height=\"169\" srcset=\"https:\/\/congresoestudiantesdoctorado.umh.es\/files\/2023\/10\/Diapositiva15-9-300x169.png 300w, https:\/\/congresoestudiantesdoctorado.umh.es\/files\/2023\/10\/Diapositiva15-9-1024x576.png 1024w, https:\/\/congresoestudiantesdoctorado.umh.es\/files\/2023\/10\/Diapositiva15-9-768x432.png 768w, https:\/\/congresoestudiantesdoctorado.umh.es\/files\/2023\/10\/Diapositiva15-9.png 1280w\" sizes=\"(max-width: 300px) 100vw, 300px\" \/> <img loading=\"lazy\" class=\"alignnone size-medium wp-image-2210\" src=\"https:\/\/congresoestudiantesdoctorado.umh.es\/files\/2023\/10\/Diapositiva16-9-300x169.png\" alt=\"\" width=\"300\" height=\"169\" srcset=\"https:\/\/congresoestudiantesdoctorado.umh.es\/files\/2023\/10\/Diapositiva16-9-300x169.png 300w, https:\/\/congresoestudiantesdoctorado.umh.es\/files\/2023\/10\/Diapositiva16-9-1024x576.png 1024w, https:\/\/congresoestudiantesdoctorado.umh.es\/files\/2023\/10\/Diapositiva16-9-768x432.png 768w, https:\/\/congresoestudiantesdoctorado.umh.es\/files\/2023\/10\/Diapositiva16-9.png 1280w\" sizes=\"(max-width: 300px) 100vw, 300px\" \/> <img loading=\"lazy\" class=\"alignnone size-medium wp-image-2213\" src=\"https:\/\/congresoestudiantesdoctorado.umh.es\/files\/2023\/10\/Diapositiva17-9-300x169.png\" alt=\"\" width=\"300\" height=\"169\" srcset=\"https:\/\/congresoestudiantesdoctorado.umh.es\/files\/2023\/10\/Diapositiva17-9-300x169.png 300w, https:\/\/congresoestudiantesdoctorado.umh.es\/files\/2023\/10\/Diapositiva17-9-1024x576.png 1024w, https:\/\/congresoestudiantesdoctorado.umh.es\/files\/2023\/10\/Diapositiva17-9-768x432.png 768w, https:\/\/congresoestudiantesdoctorado.umh.es\/files\/2023\/10\/Diapositiva17-9.png 1280w\" sizes=\"(max-width: 300px) 100vw, 300px\" \/> <img loading=\"lazy\" class=\"alignnone size-medium wp-image-2216\" src=\"https:\/\/congresoestudiantesdoctorado.umh.es\/files\/2023\/10\/Diapositiva18-9-300x169.png\" alt=\"\" width=\"300\" height=\"169\" srcset=\"https:\/\/congresoestudiantesdoctorado.umh.es\/files\/2023\/10\/Diapositiva18-9-300x169.png 300w, https:\/\/congresoestudiantesdoctorado.umh.es\/files\/2023\/10\/Diapositiva18-9-1024x576.png 1024w, https:\/\/congresoestudiantesdoctorado.umh.es\/files\/2023\/10\/Diapositiva18-9-768x432.png 768w, https:\/\/congresoestudiantesdoctorado.umh.es\/files\/2023\/10\/Diapositiva18-9.png 1280w\" sizes=\"(max-width: 300px) 100vw, 300px\" \/> <img loading=\"lazy\" class=\"alignnone size-medium wp-image-2219\" src=\"https:\/\/congresoestudiantesdoctorado.umh.es\/files\/2023\/10\/Diapositiva19-9-300x169.png\" alt=\"\" width=\"300\" height=\"169\" srcset=\"https:\/\/congresoestudiantesdoctorado.umh.es\/files\/2023\/10\/Diapositiva19-9-300x169.png 300w, https:\/\/congresoestudiantesdoctorado.umh.es\/files\/2023\/10\/Diapositiva19-9-1024x576.png 1024w, https:\/\/congresoestudiantesdoctorado.umh.es\/files\/2023\/10\/Diapositiva19-9-768x432.png 768w, https:\/\/congresoestudiantesdoctorado.umh.es\/files\/2023\/10\/Diapositiva19-9.png 1280w\" sizes=\"(max-width: 300px) 100vw, 300px\" \/> <img loading=\"lazy\" class=\"alignnone size-medium wp-image-2222\" src=\"https:\/\/congresoestudiantesdoctorado.umh.es\/files\/2023\/10\/Diapositiva20-9-300x169.png\" alt=\"\" width=\"300\" height=\"169\" srcset=\"https:\/\/congresoestudiantesdoctorado.umh.es\/files\/2023\/10\/Diapositiva20-9-300x169.png 300w, https:\/\/congresoestudiantesdoctorado.umh.es\/files\/2023\/10\/Diapositiva20-9-1024x576.png 1024w, https:\/\/congresoestudiantesdoctorado.umh.es\/files\/2023\/10\/Diapositiva20-9-768x432.png 768w, https:\/\/congresoestudiantesdoctorado.umh.es\/files\/2023\/10\/Diapositiva20-9.png 1280w\" sizes=\"(max-width: 300px) 100vw, 300px\" \/> <img loading=\"lazy\" class=\"alignnone size-medium wp-image-2225\" src=\"https:\/\/congresoestudiantesdoctorado.umh.es\/files\/2023\/10\/Diapositiva21-9-300x169.png\" alt=\"\" width=\"300\" height=\"169\" srcset=\"https:\/\/congresoestudiantesdoctorado.umh.es\/files\/2023\/10\/Diapositiva21-9-300x169.png 300w, https:\/\/congresoestudiantesdoctorado.umh.es\/files\/2023\/10\/Diapositiva21-9-1024x576.png 1024w, https:\/\/congresoestudiantesdoctorado.umh.es\/files\/2023\/10\/Diapositiva21-9-768x432.png 768w, https:\/\/congresoestudiantesdoctorado.umh.es\/files\/2023\/10\/Diapositiva21-9.png 1280w\" sizes=\"(max-width: 300px) 100vw, 300px\" \/> <img loading=\"lazy\" class=\"alignnone size-medium wp-image-2228\" src=\"https:\/\/congresoestudiantesdoctorado.umh.es\/files\/2023\/10\/Diapositiva22-9-300x169.png\" alt=\"\" width=\"300\" height=\"169\" srcset=\"https:\/\/congresoestudiantesdoctorado.umh.es\/files\/2023\/10\/Diapositiva22-9-300x169.png 300w, https:\/\/congresoestudiantesdoctorado.umh.es\/files\/2023\/10\/Diapositiva22-9-1024x576.png 1024w, https:\/\/congresoestudiantesdoctorado.umh.es\/files\/2023\/10\/Diapositiva22-9-768x432.png 768w, https:\/\/congresoestudiantesdoctorado.umh.es\/files\/2023\/10\/Diapositiva22-9.png 1280w\" sizes=\"(max-width: 300px) 100vw, 300px\" \/> <img loading=\"lazy\" class=\"alignnone size-medium wp-image-2231\" src=\"https:\/\/congresoestudiantesdoctorado.umh.es\/files\/2023\/10\/Diapositiva23-9-300x169.png\" alt=\"\" width=\"300\" height=\"169\" srcset=\"https:\/\/congresoestudiantesdoctorado.umh.es\/files\/2023\/10\/Diapositiva23-9-300x169.png 300w, https:\/\/congresoestudiantesdoctorado.umh.es\/files\/2023\/10\/Diapositiva23-9-1024x576.png 1024w, https:\/\/congresoestudiantesdoctorado.umh.es\/files\/2023\/10\/Diapositiva23-9-768x432.png 768w, https:\/\/congresoestudiantesdoctorado.umh.es\/files\/2023\/10\/Diapositiva23-9.png 1280w\" sizes=\"(max-width: 300px) 100vw, 300px\" \/> <img loading=\"lazy\" class=\"alignnone size-medium wp-image-2234\" src=\"https:\/\/congresoestudiantesdoctorado.umh.es\/files\/2023\/10\/Diapositiva24-9-300x169.png\" alt=\"\" width=\"300\" height=\"169\" srcset=\"https:\/\/congresoestudiantesdoctorado.umh.es\/files\/2023\/10\/Diapositiva24-9-300x169.png 300w, https:\/\/congresoestudiantesdoctorado.umh.es\/files\/2023\/10\/Diapositiva24-9-1024x576.png 1024w, https:\/\/congresoestudiantesdoctorado.umh.es\/files\/2023\/10\/Diapositiva24-9-768x432.png 768w, https:\/\/congresoestudiantesdoctorado.umh.es\/files\/2023\/10\/Diapositiva24-9.png 1280w\" sizes=\"(max-width: 300px) 100vw, 300px\" \/> <img loading=\"lazy\" class=\"alignnone size-medium wp-image-2237\" src=\"https:\/\/congresoestudiantesdoctorado.umh.es\/files\/2023\/10\/Diapositiva25-9-300x169.png\" alt=\"\" width=\"300\" height=\"169\" srcset=\"https:\/\/congresoestudiantesdoctorado.umh.es\/files\/2023\/10\/Diapositiva25-9-300x169.png 300w, https:\/\/congresoestudiantesdoctorado.umh.es\/files\/2023\/10\/Diapositiva25-9-1024x576.png 1024w, https:\/\/congresoestudiantesdoctorado.umh.es\/files\/2023\/10\/Diapositiva25-9-768x432.png 768w, https:\/\/congresoestudiantesdoctorado.umh.es\/files\/2023\/10\/Diapositiva25-9.png 1280w\" sizes=\"(max-width: 300px) 100vw, 300px\" \/><\/p>\n<p>&nbsp;<\/p>\n<h3><a href=\"https:\/\/congresoestudiantesdoctorado.umh.es\/files\/2023\/12\/Comite-Cientifico.docx\"><strong>Comit\u00e9 Cient\u00edfic<\/strong><\/a><\/h3>\n<p><strong>Programa de Doctorat en Biotecnologia Sanit\u00e0ria<\/strong><\/p>\n<p>Pablo Garc\u00eda Valtanen<\/p>\n<p>Laura Marroqu\u00ed Esclapez<\/p>\n<p><strong>Programa de Doctorat en Neuroci\u00e8ncies<\/strong><\/p>\n<p>Jorge Fern\u00e1ndez Trillo<\/p>\n<p>Francisco Navarrete Rueda<\/p>\n<p><strong>Programa de Doctorat en Recursos i Tecnologies Agr\u00e0ries, Agroambientals i Aliment\u00e0ries<\/strong><\/p>\n<p>Raquel Lucas Gonz\u00e1lez<\/p>\n<p>Manuel Viuda Martos<\/p>\n<p><strong>Programa de Doctorat en Bioenginyeria<\/strong><\/p>\n<p>Carmen Estevan Mart\u00ednez<\/p>\n<p>Gema Concepci\u00f3 Mart\u00ednez Navarrete<\/p>\n<p>Sara Jover Gil<\/p>\n<p>Cristina Soto S\u00e1nchez<\/p>\n<p>Miguel \u00c1ngel Sogorb S\u00e1nchez<\/p>\n<p>Eugenio Vilanova Gisberto<\/p>\n<p><strong>Programa de Doctorat en Salut P\u00fablica, Ci\u00e8ncies M\u00e8diques i Quir\u00fargiques<\/strong><\/p>\n<p>Eva Mar\u00eda Navarrete Mu\u00f1oz<\/p>\n<p><strong>Programa de Doctorat en Optimitzaci\u00f3 Estad\u00edstica i Matem\u00e0tiques Aplicades<\/strong><\/p>\n<p>Esteban Cabello Garc\u00eda<\/p>\n<p>V\u00edctor Javier Espa\u00f1a Roch<\/p>\n<p>Kristina Polotskaya<\/p>\n<p><strong>Programa de Doctorat en Ci\u00e8ncies Socials i Jur\u00eddiques<\/strong><\/p>\n<p>Rosario Tur Ausina<\/p>\n<p>Manuel Ortiz Fern\u00e1ndez<\/p>\n<p><strong>Programa de Doctorat en Criminologia<\/strong><\/p>\n<p>Enrique Conejero Paz<\/p>\n<p><strong>Programa de Doctorat en Esport i Salut<\/strong><\/p>\n<p>Pilar Rico Bordera<\/p>\n<p>Alejandro Javaloyes Torres<\/p>\n<p>Casto Juan Recio<\/p>\n<p><strong>Programa de Doctorat en Tecnologies Industrials i de Telecomunicaci\u00f3<\/strong><\/p>\n<p>Javier Rubiato Brotons<\/p>","protected":false},"excerpt":{"rendered":"<p>La quarta edici\u00f3 del Congr\u00e9s Anual Internacional d&#8217;Estudiants de Doctorat (CAIED) va tindre lloc de manera en l\u00ednia durant els dies 1 i 2 de febrer de 2024.<br \/>\nA continuaci\u00f3 us deixem tota la informaci\u00f3 d&#8217;esta edici\u00f3:<br \/>\nPrograma i llistat de contribucions<br \/>\nLlibre d&#8217;abstracts<br \/>\nEscola de Doctorat<br \/>\n \u00a0<br \/>\nCoordinadors<br \/>\n\u00a0\u00a0<br \/>\nRepresentants Comit\u00e9 Organitzador<\/p>\n<p>Comit\u00e9 Organitzador<br \/>\n      [&#8230;]<\/p>\n","protected":false},"author":5522,"featured_media":0,"parent":976,"menu_order":0,"comment_status":"closed","ping_status":"closed","template":"","meta":{"_links_to":"","_links_to_target":""},"_links":{"self":[{"href":"https:\/\/congresoestudiantesdoctorado.umh.es\/ca\/wp-json\/wp\/v2\/pages\/2303"}],"collection":[{"href":"https:\/\/congresoestudiantesdoctorado.umh.es\/ca\/wp-json\/wp\/v2\/pages"}],"about":[{"href":"https:\/\/congresoestudiantesdoctorado.umh.es\/ca\/wp-json\/wp\/v2\/types\/page"}],"author":[{"embeddable":true,"href":"https:\/\/congresoestudiantesdoctorado.umh.es\/ca\/wp-json\/wp\/v2\/users\/5522"}],"replies":[{"embeddable":true,"href":"https:\/\/congresoestudiantesdoctorado.umh.es\/ca\/wp-json\/wp\/v2\/comments?post=2303"}],"version-history":[{"count":0,"href":"https:\/\/congresoestudiantesdoctorado.umh.es\/ca\/wp-json\/wp\/v2\/pages\/2303\/revisions"}],"up":[{"embeddable":true,"href":"https:\/\/congresoestudiantesdoctorado.umh.es\/ca\/wp-json\/wp\/v2\/pages\/976"}],"wp:attachment":[{"href":"https:\/\/congresoestudiantesdoctorado.umh.es\/ca\/wp-json\/wp\/v2\/media?parent=2303"}],"curies":[{"name":"wp","href":"https:\/\/api.w.org\/{rel}","templated":true}]}}