{"id":2815,"date":"2025-10-24T18:06:13","date_gmt":"2025-10-24T16:06:13","guid":{"rendered":"https:\/\/congresoestudiantesdoctorado.umh.es\/?page_id=2815"},"modified":"2025-10-28T13:55:34","modified_gmt":"2025-10-28T12:55:34","slug":"congreso","status":"publish","type":"page","link":"https:\/\/congresoestudiantesdoctorado.umh.es\/ca\/congreso\/","title":{"rendered":"Congr\u00e9s"},"content":{"rendered":"<p><\/p>\n<h1 style=\"text-align: center\"><strong>Arriba la Sisena Edici\u00f3 del Congr\u00e9s Anual Internacional d&#8217;Estudiants de Doctorat (CAIED)!<\/strong><\/h1>\n<p>&nbsp;<\/p>\n<p>La sisena edici\u00f3 del <strong>Congr\u00e9s Anual Internacional d&#8217;Estudiants de Doctorat<\/strong> (CAIED) tindr\u00e0 lloc els pr\u00f2xims <strong>5<\/strong> i <strong>6<\/strong> de <strong>febrer<\/strong> de <strong>2026<\/strong>. Enguany, el congr\u00e9s es tornar\u00e0 a celebrar en format <strong>en l\u00ednia<\/strong>, facilitant la participaci\u00f3 des de qualsevol lloc a trav\u00e9s de <strong>Google Meet<\/strong>. La inscripci\u00f3 i la participaci\u00f3 s\u00f3n totalment <strong>gratu\u00eftes<\/strong>.<\/p>\n<p><img loading=\"lazy\" class=\"aligncenter wp-image-2792 size-full\" src=\"https:\/\/congresoestudiantesdoctorado.umh.es\/files\/2025\/10\/WhatsApp-Image-2025-10-20-at-06.19.09.jpeg\" alt=\"\" width=\"1056\" height=\"317\" srcset=\"https:\/\/congresoestudiantesdoctorado.umh.es\/files\/2025\/10\/WhatsApp-Image-2025-10-20-at-06.19.09.jpeg 1056w, https:\/\/congresoestudiantesdoctorado.umh.es\/files\/2025\/10\/WhatsApp-Image-2025-10-20-at-06.19.09-300x90.jpeg 300w, https:\/\/congresoestudiantesdoctorado.umh.es\/files\/2025\/10\/WhatsApp-Image-2025-10-20-at-06.19.09-1024x307.jpeg 1024w, https:\/\/congresoestudiantesdoctorado.umh.es\/files\/2025\/10\/WhatsApp-Image-2025-10-20-at-06.19.09-768x231.jpeg 768w\" sizes=\"(max-width: 1056px) 100vw, 1056px\" \/><\/p>\n<p>El <strong>CAIED<\/strong> \u00e9s una plataforma dissenyada per a fomentar la trobada, l&#8217;intercanvi d&#8217;idees i la col\u00b7laboraci\u00f3 entre doctorands,<strong> independentment del seu camp d&#8217;investigaci\u00f3<\/strong>. Amb un enfocament <strong>interdisciplinari<\/strong>, el congr\u00e9s ofereix un espai per a connectar amb altres investigadors i explorar noves oportunitats de col\u00b7laboraci\u00f3 i aprenentatge.<\/p>\n<p>Entre les activitats destacades, hi haur\u00e0 <strong>tallers formatius<\/strong> sobre temes transversals d&#8217;inter\u00e9s per a qualsevol doctorand, que proporcionaran ferramentes pr\u00e0ctiques i valuoses per al teu desenvolupament acad\u00e8mic. Pr\u00f2ximament donarem m\u00e9s detalls sobre les propostes!<\/p>","protected":false},"excerpt":{"rendered":"<p>Arriba la Sisena Edici\u00f3 del Congr\u00e9s Anual Internacional d&#8217;Estudiants de Doctorat (CAIED)!<br \/>\n&nbsp;<br \/>\nLa sisena edici\u00f3 del Congr\u00e9s Anual Internacional d&#8217;Estudiants de Doctorat (CAIED) tindr\u00e0 lloc els pr\u00f2xims 5 i 6 de febrer de 2026. Enguany, el congr\u00e9s es tornar\u00e0 a celebrar en format en l\u00ednia, facilitant la participaci\u00f3 des de qualsevol lloc a trav\u00e9s de Google [&#8230;]<\/p>\n","protected":false},"author":32249,"featured_media":0,"parent":0,"menu_order":1,"comment_status":"closed","ping_status":"closed","template":"","meta":{"_links_to":"","_links_to_target":""},"_links":{"self":[{"href":"https:\/\/congresoestudiantesdoctorado.umh.es\/ca\/wp-json\/wp\/v2\/pages\/2815"}],"collection":[{"href":"https:\/\/congresoestudiantesdoctorado.umh.es\/ca\/wp-json\/wp\/v2\/pages"}],"about":[{"href":"https:\/\/congresoestudiantesdoctorado.umh.es\/ca\/wp-json\/wp\/v2\/types\/page"}],"author":[{"embeddable":true,"href":"https:\/\/congresoestudiantesdoctorado.umh.es\/ca\/wp-json\/wp\/v2\/users\/32249"}],"replies":[{"embeddable":true,"href":"https:\/\/congresoestudiantesdoctorado.umh.es\/ca\/wp-json\/wp\/v2\/comments?post=2815"}],"version-history":[{"count":0,"href":"https:\/\/congresoestudiantesdoctorado.umh.es\/ca\/wp-json\/wp\/v2\/pages\/2815\/revisions"}],"wp:attachment":[{"href":"https:\/\/congresoestudiantesdoctorado.umh.es\/ca\/wp-json\/wp\/v2\/media?parent=2815"}],"curies":[{"name":"wp","href":"https:\/\/api.w.org\/{rel}","templated":true}]}}