{"id":2819,"date":"2025-11-24T20:44:26","date_gmt":"2025-11-24T19:44:26","guid":{"rendered":"https:\/\/congresoestudiantesdoctorado.umh.es\/?page_id=2819"},"modified":"2025-12-08T10:23:00","modified_gmt":"2025-12-08T09:23:00","slug":"comunicaciones-orales","status":"publish","type":"page","link":"https:\/\/congresoestudiantesdoctorado.umh.es\/ca\/comunicaciones-orales\/","title":{"rendered":"Comunicacions orals"},"content":{"rendered":"<p>En relaci\u00f3 amb l&#8217;abstract corresponent a la comunicaci\u00f3 oral, us indiquem que heu d&#8217;ingressar la informaci\u00f3 referent a aquesta abans del <strong>23 de novembre<\/strong> mitjan\u00e7ant el formulari habilitat, aquesta data s&#8217;amplia fins al <strong>30 de novembre<\/strong>\u00a0. Una vegada finalitzada la data, un <strong>Comit\u00e8 cient\u00edfic<\/strong> dur\u00e0 a terme la valoraci\u00f3 i selecci\u00f3 de tots els treballs, basada en la qualitat i la diversitat d&#8217;aquests. El resultat ser\u00e0 comunicat a partir del <strong>11 de gener<\/strong>. Totes aquelles persones el treball de les quals no fos seleccionat per a comunicaci\u00f3 oral, passaran autom\u00e0ticament a la categoria de presentaci\u00f3 en format p\u00f2ster.<\/p>\n<p>Per favor, descarregueu i utilitzeu la plantilla per a la realitzaci\u00f3 de l&#8217;abstract. Podr\u00e0 trobar-la tant en aquesta p\u00e0gina com al formulari d&#8217;inscripci\u00f3. Us informem que no acceptarem un altre format diferent del facilitat al formulari.<\/p>\n<p style=\"text-align: justify\">La participaci\u00f3 en la modalitat comunicaci\u00f3 oral es realitzar\u00e0 en una presentaci\u00f3 en el format que es desitge, en espanyol o angl\u00e9s. El temps m\u00e0xim disponible per comunicaci\u00f3 seran <strong>12 minuts<\/strong> i ser\u00e0 supervisat pel moderador de la corresponent taula.<\/p>\n<p>En cas que vulgueu presentar un abstract per a comunicaci\u00f3 oral haureu de tenir en compte si realitzareu la vostra presentaci\u00f3 en un pa\u00eds amb un horari diferent al d&#8217;Espanya. Si aquest \u00e9s el vostre cas, per favor, en deixeu const\u00e0ncia en el formulari amb aquesta informaci\u00f3. Per a qualsevol incid\u00e8ncia podeu posar-vos en contacte amb nosaltres a trav\u00e9s de la nostra adre\u00e7a de correu.<\/p>\n<p style=\"text-align: justify\">Utilitze aquesta <strong><a href=\"https:\/\/docs.google.com\/document\/d\/1d0NveAglM0IszOf8-1GiNpfFK-FLLBCe\/edit?usp=sharing&amp;ouid=103550146014090761651&amp;rtpof=true&amp;sd=true\">plantilla<\/a><\/strong> per a elaborar el seu resum en valenci\u00e0, i realitze l&#8217;enviament de la seua contribuci\u00f3 per mitj\u00e0 de l&#8217;emplenament del seg\u00fcent <a href=\"https:\/\/forms.gle\/mtPPd3J5zKPpFvqv6\"><strong>formulari<\/strong><\/a>. El document d&#8217;abstract s&#8217;ha de pujar en format word, i el nom del fitxer ha de ser: &#8220;Cognom.Nom&#8221;, exemple: &#8220;Martinez.Antonio&#8221;. La plantilla cont\u00e9 els seg\u00fcents apartats:<\/p>\n<ul>\n<li>T\u00edtol<\/li>\n<li>Autor\/s<\/li>\n<li>Afiliaci\u00f3<\/li>\n<li>Resum de 250-350 paraules<\/li>\n<li>6 paraules clau<\/li>\n<\/ul>\n<p>El resum haur\u00e0 de complir amb els seg\u00fcents criteris per a poder ser avaluat i acceptat pel comit\u00e9 organitzador:<\/p>\n<ul>\n<li><strong>Treballs te\u00f2rics<\/strong>: a) tema d&#8217;estudi; b) argumentaci\u00f3 seguida; i, c) principals conclusions.<\/li>\n<li><strong>Treballs emp\u00edrics<\/strong>: a) tema d&#8217;investigaci\u00f3; b) hip\u00f2tesi de partida; c) descripci\u00f3 de les dades; d) metodologia utilitzada per a l&#8217;obtenci\u00f3 i proc\u00e9s d&#8217;an\u00e0lisi de les dades; i, e) principals resultats o conclusions<\/li>\n<\/ul>\n<p>* El termini <strong>l\u00edmit<\/strong> per a enviar el resum de la <strong>comunicaci\u00f3 oral<\/strong> ser\u00e0 el <strong>23 de novembre.<\/strong><\/p>\n<p>*Data l\u00edmit ampliada fins al<strong> 30 de novembre.<\/strong><\/p>","protected":false},"excerpt":{"rendered":"<p>En relaci\u00f3 amb l&#8217;abstract corresponent a la comunicaci\u00f3 oral, us indiquem que heu d&#8217;ingressar la informaci\u00f3 referent a aquesta abans del 23 de novembre mitjan\u00e7ant el formulari habilitat, aquesta data s&#8217;amplia fins al 30 de novembre\u00a0. Una vegada finalitzada la data, un Comit\u00e8 cient\u00edfic dur\u00e0 a terme la valoraci\u00f3 i selecci\u00f3 de tots els treballs, [&#8230;]<\/p>\n","protected":false},"author":32249,"featured_media":0,"parent":0,"menu_order":2,"comment_status":"closed","ping_status":"closed","template":"","meta":{"_links_to":"","_links_to_target":""},"_links":{"self":[{"href":"https:\/\/congresoestudiantesdoctorado.umh.es\/ca\/wp-json\/wp\/v2\/pages\/2819"}],"collection":[{"href":"https:\/\/congresoestudiantesdoctorado.umh.es\/ca\/wp-json\/wp\/v2\/pages"}],"about":[{"href":"https:\/\/congresoestudiantesdoctorado.umh.es\/ca\/wp-json\/wp\/v2\/types\/page"}],"author":[{"embeddable":true,"href":"https:\/\/congresoestudiantesdoctorado.umh.es\/ca\/wp-json\/wp\/v2\/users\/32249"}],"replies":[{"embeddable":true,"href":"https:\/\/congresoestudiantesdoctorado.umh.es\/ca\/wp-json\/wp\/v2\/comments?post=2819"}],"version-history":[{"count":0,"href":"https:\/\/congresoestudiantesdoctorado.umh.es\/ca\/wp-json\/wp\/v2\/pages\/2819\/revisions"}],"wp:attachment":[{"href":"https:\/\/congresoestudiantesdoctorado.umh.es\/ca\/wp-json\/wp\/v2\/media?parent=2819"}],"curies":[{"name":"wp","href":"https:\/\/api.w.org\/{rel}","templated":true}]}}