{"id":970,"date":"2022-10-26T00:47:38","date_gmt":"2022-10-25T22:47:38","guid":{"rendered":"https:\/\/congresoestudiantesdoctorado.umh.es\/?page_id=970"},"modified":"2024-10-28T21:10:23","modified_gmt":"2024-10-28T20:10:23","slug":"ii-caied","status":"publish","type":"page","link":"https:\/\/congresoestudiantesdoctorado.umh.es\/ca\/ediciones-previas\/ii-caied\/","title":{"rendered":"II CAIED"},"content":{"rendered":"<p>La segona edici\u00f3 del <strong>Congr\u00e9s Anual Internacional d&#8217;Estudiants de Doctorand (CAIED)<\/strong> va tindre lloc de manera en l\u00ednia durant els dies 3 i 4 de febrer de 2022.<\/p>\n<p>A continuaci\u00f3 us deixem tota la informaci\u00f3 de la segona edici\u00f3:<\/p>\n<p><a href=\"https:\/\/congresoestudiantesdoctorado.umh.es\/files\/2022\/01\/PROGRAMA-WEB_.pdf\">Programa i llistat de contribucions (En castell\u00e0)<\/a><\/p>\n<p><a href=\"https:\/\/editorial.umh.es\/2022\/09\/08\/actas-del-segundo-congreso-anual-internacional-de-estudiantes-de-doctorado-de-la-universidad-miguel-hernandez-de-elche-caied\/\">Llibre d&#8217;abstracts<\/a><\/p>\n<h3><strong>Vicerectorat<\/strong><\/h3>\n<p><img loading=\"lazy\" class=\"alignnone size-medium wp-image-614\" src=\"https:\/\/congresoestudiantesdoctorado.umh.es\/files\/2021\/11\/Domingo-300x124.png\" alt=\"\" width=\"300\" height=\"124\" srcset=\"https:\/\/congresoestudiantesdoctorado.umh.es\/files\/2021\/11\/Domingo-300x124.png 300w, https:\/\/congresoestudiantesdoctorado.umh.es\/files\/2021\/11\/Domingo-768x317.png 768w, https:\/\/congresoestudiantesdoctorado.umh.es\/files\/2021\/11\/Domingo.png 868w\" sizes=\"(max-width: 300px) 100vw, 300px\" \/><img loading=\"lazy\" class=\"alignnone size-medium wp-image-647\" src=\"https:\/\/congresoestudiantesdoctorado.umh.es\/files\/2021\/11\/Miguel-Angel-300x123.png\" alt=\"\" width=\"300\" height=\"123\" srcset=\"https:\/\/congresoestudiantesdoctorado.umh.es\/files\/2021\/11\/Miguel-Angel-300x123.png 300w, https:\/\/congresoestudiantesdoctorado.umh.es\/files\/2021\/11\/Miguel-Angel-768x315.png 768w, https:\/\/congresoestudiantesdoctorado.umh.es\/files\/2021\/11\/Miguel-Angel.png 876w\" sizes=\"(max-width: 300px) 100vw, 300px\" \/><img loading=\"lazy\" class=\"alignnone size-medium wp-image-668\" src=\"https:\/\/congresoestudiantesdoctorado.umh.es\/files\/2021\/11\/Xavier-300x124.png\" alt=\"\" width=\"300\" height=\"124\" srcset=\"https:\/\/congresoestudiantesdoctorado.umh.es\/files\/2021\/11\/Xavier-300x124.png 300w, https:\/\/congresoestudiantesdoctorado.umh.es\/files\/2021\/11\/Xavier-768x317.png 768w, https:\/\/congresoestudiantesdoctorado.umh.es\/files\/2021\/11\/Xavier.png 904w\" sizes=\"(max-width: 300px) 100vw, 300px\" \/><\/p>\n<h3><strong>Coordinadors<\/strong><\/h3>\n<p><img loading=\"lazy\" class=\"alignnone wp-image-826\" src=\"https:\/\/congresoestudiantesdoctorado.umh.es\/files\/2021\/11\/Cristina-Ortega-211x300.png\" alt=\"\" width=\"130\" height=\"185\" srcset=\"https:\/\/congresoestudiantesdoctorado.umh.es\/files\/2021\/11\/Cristina-Ortega-211x300.png 211w, https:\/\/congresoestudiantesdoctorado.umh.es\/files\/2021\/11\/Cristina-Ortega.png 376w\" sizes=\"(max-width: 130px) 100vw, 130px\" \/> \u00a0 \u00a0 \u00a0\u00a0 \u00a0 <img loading=\"lazy\" class=\"alignnone wp-image-829\" src=\"https:\/\/congresoestudiantesdoctorado.umh.es\/files\/2021\/11\/Javier-Rubiatos-186x300.png\" alt=\"\" width=\"117\" height=\"189\" srcset=\"https:\/\/congresoestudiantesdoctorado.umh.es\/files\/2021\/11\/Javier-Rubiatos-186x300.png 186w, https:\/\/congresoestudiantesdoctorado.umh.es\/files\/2021\/11\/Javier-Rubiatos.png 352w\" sizes=\"(max-width: 117px) 100vw, 117px\" \/> \u00a0\u00a0\u00a0\u00a0\u00a0\u00a0\u00a0\u00a0 <img loading=\"lazy\" class=\"alignnone wp-image-832\" src=\"https:\/\/congresoestudiantesdoctorado.umh.es\/files\/2021\/11\/Leontina-181x300.png\" alt=\"\" width=\"113\" height=\"187\" srcset=\"https:\/\/congresoestudiantesdoctorado.umh.es\/files\/2021\/11\/Leontina-181x300.png 181w, https:\/\/congresoestudiantesdoctorado.umh.es\/files\/2021\/11\/Leontina.png 335w\" sizes=\"(max-width: 113px) 100vw, 113px\" \/> \u00a0\u00a0\u00a0 <img loading=\"lazy\" class=\"alignnone wp-image-841\" src=\"https:\/\/congresoestudiantesdoctorado.umh.es\/files\/2021\/11\/Maria-de-los-Angeles-1-296x300.png\" alt=\"\" width=\"179\" height=\"182\" srcset=\"https:\/\/congresoestudiantesdoctorado.umh.es\/files\/2021\/11\/Maria-de-los-Angeles-1-296x300.png 296w, https:\/\/congresoestudiantesdoctorado.umh.es\/files\/2021\/11\/Maria-de-los-Angeles-1.png 528w\" sizes=\"(max-width: 179px) 100vw, 179px\" \/><\/p>\n<h3><strong>Representants Comit\u00e9 Organitzador<\/strong><\/h3>\n<p><img loading=\"lazy\" class=\"alignnone size-medium wp-image-632\" src=\"https:\/\/congresoestudiantesdoctorado.umh.es\/files\/2021\/11\/Laura-P\u00e9rez-300x169.png\" alt=\"\" width=\"300\" height=\"169\" srcset=\"https:\/\/congresoestudiantesdoctorado.umh.es\/files\/2021\/11\/Laura-P\u00e9rez-300x169.png 300w, https:\/\/congresoestudiantesdoctorado.umh.es\/files\/2021\/11\/Laura-P\u00e9rez-768x432.png 768w, https:\/\/congresoestudiantesdoctorado.umh.es\/files\/2021\/11\/Laura-P\u00e9rez.png 861w\" sizes=\"(max-width: 300px) 100vw, 300px\" \/><img loading=\"lazy\" class=\"alignnone size-medium wp-image-653\" src=\"https:\/\/congresoestudiantesdoctorado.umh.es\/files\/2021\/11\/Roc\u00edo-Martinez-300x152.png\" alt=\"\" width=\"300\" height=\"152\" srcset=\"https:\/\/congresoestudiantesdoctorado.umh.es\/files\/2021\/11\/Roc\u00edo-Martinez-300x152.png 300w, https:\/\/congresoestudiantesdoctorado.umh.es\/files\/2021\/11\/Roc\u00edo-Martinez-768x390.png 768w, https:\/\/congresoestudiantesdoctorado.umh.es\/files\/2021\/11\/Roc\u00edo-Martinez.png 895w\" sizes=\"(max-width: 300px) 100vw, 300px\" \/><\/p>\n<h3><strong>Comit\u00e9 Organitzador<\/strong><\/h3>\n<p><img loading=\"lazy\" class=\"alignnone size-medium wp-image-623\" src=\"https:\/\/congresoestudiantesdoctorado.umh.es\/files\/2021\/11\/Ignacio-300x132.png\" alt=\"\" width=\"300\" height=\"132\" srcset=\"https:\/\/congresoestudiantesdoctorado.umh.es\/files\/2021\/11\/Ignacio-300x132.png 300w, https:\/\/congresoestudiantesdoctorado.umh.es\/files\/2021\/11\/Ignacio-768x339.png 768w, https:\/\/congresoestudiantesdoctorado.umh.es\/files\/2021\/11\/Ignacio.png 856w\" sizes=\"(max-width: 300px) 100vw, 300px\" \/><img loading=\"lazy\" class=\"alignnone size-medium wp-image-638\" src=\"https:\/\/congresoestudiantesdoctorado.umh.es\/files\/2021\/11\/Maria-Salvador-300x146.png\" alt=\"\" width=\"300\" height=\"146\" srcset=\"https:\/\/congresoestudiantesdoctorado.umh.es\/files\/2021\/11\/Maria-Salvador-300x146.png 300w, https:\/\/congresoestudiantesdoctorado.umh.es\/files\/2021\/11\/Maria-Salvador-768x373.png 768w, https:\/\/congresoestudiantesdoctorado.umh.es\/files\/2021\/11\/Maria-Salvador.png 875w\" sizes=\"(max-width: 300px) 100vw, 300px\" \/><img loading=\"lazy\" class=\"alignnone size-medium wp-image-599\" src=\"https:\/\/congresoestudiantesdoctorado.umh.es\/files\/2021\/11\/Alvaro-Clemente-300x158.png\" alt=\"\" width=\"300\" height=\"158\" srcset=\"https:\/\/congresoestudiantesdoctorado.umh.es\/files\/2021\/11\/Alvaro-Clemente-300x158.png 300w, https:\/\/congresoestudiantesdoctorado.umh.es\/files\/2021\/11\/Alvaro-Clemente-768x405.png 768w, https:\/\/congresoestudiantesdoctorado.umh.es\/files\/2021\/11\/Alvaro-Clemente.png 844w\" sizes=\"(max-width: 300px) 100vw, 300px\" \/> <img loading=\"lazy\" class=\"alignnone size-medium wp-image-844\" src=\"https:\/\/congresoestudiantesdoctorado.umh.es\/files\/2021\/11\/Alba-Lopez-Caravaca-2-300x160.png\" alt=\"\" width=\"300\" height=\"160\" srcset=\"https:\/\/congresoestudiantesdoctorado.umh.es\/files\/2021\/11\/Alba-Lopez-Caravaca-2-300x160.png 300w, https:\/\/congresoestudiantesdoctorado.umh.es\/files\/2021\/11\/Alba-Lopez-Caravaca-2-768x410.png 768w, https:\/\/congresoestudiantesdoctorado.umh.es\/files\/2021\/11\/Alba-Lopez-Caravaca-2.png 861w\" sizes=\"(max-width: 300px) 100vw, 300px\" \/><img loading=\"lazy\" class=\"alignnone size-medium wp-image-641\" src=\"https:\/\/congresoestudiantesdoctorado.umh.es\/files\/2021\/11\/Maria-Teresa-300x135.png\" alt=\"\" width=\"300\" height=\"135\" srcset=\"https:\/\/congresoestudiantesdoctorado.umh.es\/files\/2021\/11\/Maria-Teresa-300x135.png 300w, https:\/\/congresoestudiantesdoctorado.umh.es\/files\/2021\/11\/Maria-Teresa-768x347.png 768w, https:\/\/congresoestudiantesdoctorado.umh.es\/files\/2021\/11\/Maria-Teresa.png 868w\" sizes=\"(max-width: 300px) 100vw, 300px\" \/><img loading=\"lazy\" class=\"alignnone size-medium wp-image-650\" src=\"https:\/\/congresoestudiantesdoctorado.umh.es\/files\/2021\/11\/Mike-300x135.png\" alt=\"\" width=\"300\" height=\"135\" srcset=\"https:\/\/congresoestudiantesdoctorado.umh.es\/files\/2021\/11\/Mike-300x135.png 300w, https:\/\/congresoestudiantesdoctorado.umh.es\/files\/2021\/11\/Mike-768x345.png 768w, https:\/\/congresoestudiantesdoctorado.umh.es\/files\/2021\/11\/Mike.png 886w\" sizes=\"(max-width: 300px) 100vw, 300px\" \/><img loading=\"lazy\" class=\"alignnone size-medium wp-image-608\" src=\"https:\/\/congresoestudiantesdoctorado.umh.es\/files\/2021\/11\/Carmen-Botella-300x141.png\" alt=\"\" width=\"300\" height=\"141\" srcset=\"https:\/\/congresoestudiantesdoctorado.umh.es\/files\/2021\/11\/Carmen-Botella-300x141.png 300w, https:\/\/congresoestudiantesdoctorado.umh.es\/files\/2021\/11\/Carmen-Botella-768x362.png 768w, https:\/\/congresoestudiantesdoctorado.umh.es\/files\/2021\/11\/Carmen-Botella.png 875w\" sizes=\"(max-width: 300px) 100vw, 300px\" \/><img loading=\"lazy\" class=\"alignnone size-medium wp-image-617\" src=\"https:\/\/congresoestudiantesdoctorado.umh.es\/files\/2021\/11\/Emma-Garcia-300x149.png\" alt=\"\" width=\"300\" height=\"149\" srcset=\"https:\/\/congresoestudiantesdoctorado.umh.es\/files\/2021\/11\/Emma-Garcia-300x149.png 300w, https:\/\/congresoestudiantesdoctorado.umh.es\/files\/2021\/11\/Emma-Garcia-768x381.png 768w, https:\/\/congresoestudiantesdoctorado.umh.es\/files\/2021\/11\/Emma-Garcia.png 865w\" sizes=\"(max-width: 300px) 100vw, 300px\" \/> <img loading=\"lazy\" class=\"alignnone size-medium wp-image-814\" src=\"https:\/\/congresoestudiantesdoctorado.umh.es\/files\/2021\/11\/Tatiana-1-300x144.png\" alt=\"\" width=\"300\" height=\"144\" srcset=\"https:\/\/congresoestudiantesdoctorado.umh.es\/files\/2021\/11\/Tatiana-1-300x144.png 300w, https:\/\/congresoestudiantesdoctorado.umh.es\/files\/2021\/11\/Tatiana-1-768x369.png 768w, https:\/\/congresoestudiantesdoctorado.umh.es\/files\/2021\/11\/Tatiana-1.png 855w\" sizes=\"(max-width: 300px) 100vw, 300px\" \/><img loading=\"lazy\" class=\"alignnone size-medium wp-image-626\" src=\"https:\/\/congresoestudiantesdoctorado.umh.es\/files\/2021\/11\/Inma-Meca-300x148.png\" alt=\"\" width=\"300\" height=\"148\" srcset=\"https:\/\/congresoestudiantesdoctorado.umh.es\/files\/2021\/11\/Inma-Meca-300x148.png 300w, https:\/\/congresoestudiantesdoctorado.umh.es\/files\/2021\/11\/Inma-Meca-768x378.png 768w, https:\/\/congresoestudiantesdoctorado.umh.es\/files\/2021\/11\/Inma-Meca.png 835w\" sizes=\"(max-width: 300px) 100vw, 300px\" \/><img loading=\"lazy\" class=\"alignnone size-medium wp-image-659\" src=\"https:\/\/congresoestudiantesdoctorado.umh.es\/files\/2021\/11\/Roger-300x130.png\" alt=\"\" width=\"300\" height=\"130\" srcset=\"https:\/\/congresoestudiantesdoctorado.umh.es\/files\/2021\/11\/Roger-300x130.png 300w, https:\/\/congresoestudiantesdoctorado.umh.es\/files\/2021\/11\/Roger-768x333.png 768w, https:\/\/congresoestudiantesdoctorado.umh.es\/files\/2021\/11\/Roger.png 871w\" sizes=\"(max-width: 300px) 100vw, 300px\" \/> <img loading=\"lazy\" class=\"alignnone size-medium wp-image-635\" src=\"https:\/\/congresoestudiantesdoctorado.umh.es\/files\/2021\/11\/Marcos-Villamarin-300x140.png\" alt=\"\" width=\"300\" height=\"140\" srcset=\"https:\/\/congresoestudiantesdoctorado.umh.es\/files\/2021\/11\/Marcos-Villamarin-300x140.png 300w, https:\/\/congresoestudiantesdoctorado.umh.es\/files\/2021\/11\/Marcos-Villamarin-768x358.png 768w, https:\/\/congresoestudiantesdoctorado.umh.es\/files\/2021\/11\/Marcos-Villamarin.png 883w\" sizes=\"(max-width: 300px) 100vw, 300px\" \/><img loading=\"lazy\" class=\"alignnone size-medium wp-image-611\" src=\"https:\/\/congresoestudiantesdoctorado.umh.es\/files\/2021\/11\/Cristina-Soriano-300x149.png\" alt=\"\" width=\"300\" height=\"149\" srcset=\"https:\/\/congresoestudiantesdoctorado.umh.es\/files\/2021\/11\/Cristina-Soriano-300x149.png 300w, https:\/\/congresoestudiantesdoctorado.umh.es\/files\/2021\/11\/Cristina-Soriano-768x381.png 768w, https:\/\/congresoestudiantesdoctorado.umh.es\/files\/2021\/11\/Cristina-Soriano.png 871w\" sizes=\"(max-width: 300px) 100vw, 300px\" \/><img loading=\"lazy\" class=\"alignnone size-medium wp-image-793\" src=\"https:\/\/congresoestudiantesdoctorado.umh.es\/files\/2021\/11\/Ana-Arbaizar-3-300x151.png\" alt=\"\" width=\"300\" height=\"151\" srcset=\"https:\/\/congresoestudiantesdoctorado.umh.es\/files\/2021\/11\/Ana-Arbaizar-3-300x151.png 300w, https:\/\/congresoestudiantesdoctorado.umh.es\/files\/2021\/11\/Ana-Arbaizar-3-768x386.png 768w, https:\/\/congresoestudiantesdoctorado.umh.es\/files\/2021\/11\/Ana-Arbaizar-3.png 879w\" sizes=\"(max-width: 300px) 100vw, 300px\" \/><img loading=\"lazy\" class=\"alignnone size-medium wp-image-629\" src=\"https:\/\/congresoestudiantesdoctorado.umh.es\/files\/2021\/11\/Laura-Compa\u00f1-300x153.png\" alt=\"\" width=\"300\" height=\"153\" srcset=\"https:\/\/congresoestudiantesdoctorado.umh.es\/files\/2021\/11\/Laura-Compa\u00f1-300x153.png 300w, https:\/\/congresoestudiantesdoctorado.umh.es\/files\/2021\/11\/Laura-Compa\u00f1-768x391.png 768w, https:\/\/congresoestudiantesdoctorado.umh.es\/files\/2021\/11\/Laura-Compa\u00f1.png 870w\" sizes=\"(max-width: 300px) 100vw, 300px\" \/><img loading=\"lazy\" class=\"alignnone size-medium wp-image-596\" src=\"https:\/\/congresoestudiantesdoctorado.umh.es\/files\/2021\/11\/Alex-Moya-300x169.png\" alt=\"\" width=\"300\" height=\"169\" srcset=\"https:\/\/congresoestudiantesdoctorado.umh.es\/files\/2021\/11\/Alex-Moya-300x169.png 300w, https:\/\/congresoestudiantesdoctorado.umh.es\/files\/2021\/11\/Alex-Moya-768x432.png 768w, https:\/\/congresoestudiantesdoctorado.umh.es\/files\/2021\/11\/Alex-Moya.png 893w\" sizes=\"(max-width: 300px) 100vw, 300px\" \/><img loading=\"lazy\" class=\"alignnone size-medium wp-image-605\" src=\"https:\/\/congresoestudiantesdoctorado.umh.es\/files\/2021\/11\/Carlos-Soler-300x141.png\" alt=\"\" width=\"300\" height=\"141\" srcset=\"https:\/\/congresoestudiantesdoctorado.umh.es\/files\/2021\/11\/Carlos-Soler-300x141.png 300w, https:\/\/congresoestudiantesdoctorado.umh.es\/files\/2021\/11\/Carlos-Soler-768x361.png 768w, https:\/\/congresoestudiantesdoctorado.umh.es\/files\/2021\/11\/Carlos-Soler.png 901w\" sizes=\"(max-width: 300px) 100vw, 300px\" \/><img loading=\"lazy\" class=\"alignnone size-medium wp-image-656\" src=\"https:\/\/congresoestudiantesdoctorado.umh.es\/files\/2021\/11\/Roc\u00edo-Rodr\u00edguez-300x164.png\" alt=\"\" width=\"300\" height=\"164\" srcset=\"https:\/\/congresoestudiantesdoctorado.umh.es\/files\/2021\/11\/Roc\u00edo-Rodr\u00edguez-300x164.png 300w, https:\/\/congresoestudiantesdoctorado.umh.es\/files\/2021\/11\/Roc\u00edo-Rodr\u00edguez-768x419.png 768w, https:\/\/congresoestudiantesdoctorado.umh.es\/files\/2021\/11\/Roc\u00edo-Rodr\u00edguez.png 830w\" sizes=\"(max-width: 300px) 100vw, 300px\" \/>\u00a0 <img loading=\"lazy\" class=\"alignnone size-medium wp-image-620\" src=\"https:\/\/congresoestudiantesdoctorado.umh.es\/files\/2021\/11\/Fernando-300x131.png\" alt=\"\" width=\"300\" height=\"131\" srcset=\"https:\/\/congresoestudiantesdoctorado.umh.es\/files\/2021\/11\/Fernando-300x131.png 300w, https:\/\/congresoestudiantesdoctorado.umh.es\/files\/2021\/11\/Fernando-768x334.png 768w, https:\/\/congresoestudiantesdoctorado.umh.es\/files\/2021\/11\/Fernando.png 871w\" sizes=\"(max-width: 300px) 100vw, 300px\" \/>\u00a0\u00a0\u00a0\u00a0\u00a0\u00a0\u00a0\u00a0\u00a0\u00a0\u00a0\u00a0\u00a0\u00a0 <img loading=\"lazy\" class=\"alignnone size-medium wp-image-644\" src=\"https:\/\/congresoestudiantesdoctorado.umh.es\/files\/2021\/11\/Matias-Henr\u00edquez-300x146.png\" alt=\"\" width=\"300\" height=\"146\" srcset=\"https:\/\/congresoestudiantesdoctorado.umh.es\/files\/2021\/11\/Matias-Henr\u00edquez-300x146.png 300w, https:\/\/congresoestudiantesdoctorado.umh.es\/files\/2021\/11\/Matias-Henr\u00edquez-768x373.png 768w, https:\/\/congresoestudiantesdoctorado.umh.es\/files\/2021\/11\/Matias-Henr\u00edquez.png 878w\" sizes=\"(max-width: 300px) 100vw, 300px\" \/> <img loading=\"lazy\" class=\"alignnone size-medium wp-image-796\" src=\"https:\/\/congresoestudiantesdoctorado.umh.es\/files\/2021\/11\/Cristian-Torres-1-300x161.png\" alt=\"\" width=\"300\" height=\"161\" srcset=\"https:\/\/congresoestudiantesdoctorado.umh.es\/files\/2021\/11\/Cristian-Torres-1-300x161.png 300w, https:\/\/congresoestudiantesdoctorado.umh.es\/files\/2021\/11\/Cristian-Torres-1-768x413.png 768w, https:\/\/congresoestudiantesdoctorado.umh.es\/files\/2021\/11\/Cristian-Torres-1.png 869w\" sizes=\"(max-width: 300px) 100vw, 300px\" \/><\/p>\n<p>&nbsp;<\/p>\n<h3><strong>Comit\u00e9 Cient\u00edfic<\/strong><\/h3>\n<p><strong>Programa de Doctorat en Biologia Molecular i Cel\u00b7lular<br \/>\n<\/strong><\/p>\n<p>Ricardo Mallavia<\/p>\n<p><strong>Programa de Doctorat en medi ambient i Sostenibilitat<br \/>\n<\/strong><\/p>\n<p>Mar\u00eda Bel\u00e9n Almendro Candel<\/p>\n<p>Eva Gracia Mart\u00ednez<\/p>\n<p><strong>Programa de Doctorat en Neuroci\u00e8ncies<br \/>\n<\/strong><\/p>\n<p>Cruz Morenilla Palao<\/p>\n<p>Francisco Navarrete Rueda<\/p>\n<p><strong>Programa de Doctorat en Recursos i Tecnologies Agr\u00e0ries, Agroambientals i Aliment\u00e0ries<br \/>\n<\/strong><\/p>\n<p>Manuel Viuda Martos<\/p>\n<p>Francisca Hern\u00e1ndez<\/p>\n<p>Raquel Lucas Gonz\u00e1lez<\/p>\n<p><strong>Programa de Doctorat en Bioenginyeria<br \/>\n<\/strong><\/p>\n<p>Gema Concepcion Martinez Navarrete<\/p>\n<p>Javier Esteban Mozo<\/p>\n<p>Cristina Soto Sanchez<\/p>\n<p>Sara Jover Gil<\/p>\n<p><strong>Programa de Doctorat en Salut P\u00fablica, Ci\u00e8ncies M\u00e8diques i Quir\u00fargiques<br \/>\n<\/strong><\/p>\n<p>Esther Caparr\u00f3s Cayuela<\/p>\n<p>Mar\u00eda Concepci\u00f3n Carratal\u00e1 Munuera<\/p>\n<p>Adriana L\u00f3pez Pineda<\/p>\n<p><strong>Programa de Doctorat en Estad\u00edstica Optimitzaci\u00f3 i Matem\u00e0tica Aplicada<br \/>\n<\/strong><\/p>\n<p>Juan Francisco Monge Ivars<\/p>\n<p>\u00c1ngel Gim\u00e9nez Pastor<\/p>\n<p>Alejandro Rabasa Dolado<\/p>\n<p><strong>Programa de Doctorat en Ci\u00e8ncies Socials i Jur\u00eddiques<\/strong><\/p>\n<p>Javier Moreno P\u00e9rez<\/p>\n<p>Jos\u00e9 Carlos Espigares Huete<\/p>\n<p><strong>Programa de Doctorat d&#8217;Esport i Salut<br \/>\n<\/strong><\/p>\n<p>Carla Caballero Sanchez<\/p>\n<p>Victoria Soto Sanz<\/p>\n<p><strong>Programa de Doctorat en Tecnologies Industrials i de Telecomunicaci\u00f3<br \/>\n<\/strong><\/p>\n<p>Miguel Onofre Mart\u00ednez Rach<\/p>\n<p>Baldomero Coll Perales<\/p>","protected":false},"excerpt":{"rendered":"<p>La segona edici\u00f3 del Congr\u00e9s Anual Internacional d&#8217;Estudiants de Doctorand (CAIED) va tindre lloc de manera en l\u00ednia durant els dies 3 i 4 de febrer de 2022.<br \/>\nA continuaci\u00f3 us deixem tota la informaci\u00f3 de la segona edici\u00f3:<br \/>\nPrograma i llistat de contribucions (En castell\u00e0)<br \/>\nLlibre d&#8217;abstracts<br \/>\nVicerectorat<\/p>\n<p>Coordinadors<br \/>\n \u00a0 \u00a0 \u00a0\u00a0 \u00a0  \u00a0\u00a0\u00a0\u00a0\u00a0\u00a0\u00a0\u00a0  \u00a0\u00a0\u00a0<br \/>\nRepresentants Comit\u00e9 [&#8230;]<\/p>\n","protected":false},"author":6451,"featured_media":0,"parent":976,"menu_order":20,"comment_status":"closed","ping_status":"closed","template":"","meta":{"_links_to":"","_links_to_target":""},"_links":{"self":[{"href":"https:\/\/congresoestudiantesdoctorado.umh.es\/ca\/wp-json\/wp\/v2\/pages\/970"}],"collection":[{"href":"https:\/\/congresoestudiantesdoctorado.umh.es\/ca\/wp-json\/wp\/v2\/pages"}],"about":[{"href":"https:\/\/congresoestudiantesdoctorado.umh.es\/ca\/wp-json\/wp\/v2\/types\/page"}],"author":[{"embeddable":true,"href":"https:\/\/congresoestudiantesdoctorado.umh.es\/ca\/wp-json\/wp\/v2\/users\/6451"}],"replies":[{"embeddable":true,"href":"https:\/\/congresoestudiantesdoctorado.umh.es\/ca\/wp-json\/wp\/v2\/comments?post=970"}],"version-history":[{"count":0,"href":"https:\/\/congresoestudiantesdoctorado.umh.es\/ca\/wp-json\/wp\/v2\/pages\/970\/revisions"}],"up":[{"embeddable":true,"href":"https:\/\/congresoestudiantesdoctorado.umh.es\/ca\/wp-json\/wp\/v2\/pages\/976"}],"wp:attachment":[{"href":"https:\/\/congresoestudiantesdoctorado.umh.es\/ca\/wp-json\/wp\/v2\/media?parent=970"}],"curies":[{"name":"wp","href":"https:\/\/api.w.org\/{rel}","templated":true}]}}