{"id":850,"date":"2021-12-02T08:23:32","date_gmt":"2021-12-02T07:23:32","guid":{"rendered":"https:\/\/congresoestudiantesdoctorado.umh.es\/?page_id=850"},"modified":"2024-10-28T21:11:22","modified_gmt":"2024-10-28T20:11:22","slug":"i-caed","status":"publish","type":"page","link":"https:\/\/congresoestudiantesdoctorado.umh.es\/en\/ediciones-previas\/i-caed\/","title":{"rendered":"<span lang=\"es\">(Espa\u00f1ol) I CAIED<\/span>"},"content":{"rendered":"<p>The first edition of the Annual Congress of Doctoral Students (CAED) was also international, as this year, but we did not incorporate it in the acronym. In any case, it is the same Congress (CAED = CAIED).<\/p>\n<p>Here you have all the information about the first edition:<\/p>\n<p><a href=\"https:\/\/congresoestudiantesdoctorado.umh.es\/files\/2021\/12\/Programa_CAED_definitivo.pdf\">Program<\/a><\/p>\n<p><a href=\"https:\/\/congresoestudiantesdoctorado.umh.es\/files\/2021\/12\/LISTADO-POSTERS_CAED.pdf\">Poster list and link to the posters<\/a><\/p>\n<p><a href=\"https:\/\/www.youtube.com\/playlist?list=PLClKgnzRFYe4KUQymr0uoaDJZxxe5AExj\">YouTube list<\/a><\/p>\n<p><a href=\"https:\/\/editorial.umh.es\/2022\/03\/07\/actas-del-i-congreso-anual-de-estudiantes-de-doctorado-de-la-universidad-miguel-hernandez-de-elche-caed\/\">Book of abstracts<\/a><\/p>\n<p><strong>Organizing Committee<\/strong><\/p>\n<p><img loading=\"lazy\" class=\"alignnone size-medium wp-image-171\" src=\"https:\/\/congresoestudiantesdoctorado.umh.es\/files\/2020\/10\/14-1-300x114.png\" alt=\"\" width=\"300\" height=\"114\" srcset=\"https:\/\/congresoestudiantesdoctorado.umh.es\/files\/2020\/10\/14-1-300x114.png 300w, https:\/\/congresoestudiantesdoctorado.umh.es\/files\/2020\/10\/14-1-768x292.png 768w, https:\/\/congresoestudiantesdoctorado.umh.es\/files\/2020\/10\/14-1.png 820w\" sizes=\"(max-width: 300px) 100vw, 300px\" \/> <img loading=\"lazy\" class=\"alignnone size-medium wp-image-183\" src=\"https:\/\/congresoestudiantesdoctorado.umh.es\/files\/2020\/10\/13-1-300x114.png\" alt=\"\" width=\"300\" height=\"114\" srcset=\"https:\/\/congresoestudiantesdoctorado.umh.es\/files\/2020\/10\/13-1-300x114.png 300w, https:\/\/congresoestudiantesdoctorado.umh.es\/files\/2020\/10\/13-1-768x292.png 768w, https:\/\/congresoestudiantesdoctorado.umh.es\/files\/2020\/10\/13-1.png 820w\" sizes=\"(max-width: 300px) 100vw, 300px\" \/> <img loading=\"lazy\" class=\"alignnone size-medium wp-image-182\" src=\"https:\/\/congresoestudiantesdoctorado.umh.es\/files\/2020\/10\/12-2-300x114.png\" alt=\"\" width=\"300\" height=\"114\" srcset=\"https:\/\/congresoestudiantesdoctorado.umh.es\/files\/2020\/10\/12-2-300x114.png 300w, https:\/\/congresoestudiantesdoctorado.umh.es\/files\/2020\/10\/12-2-768x292.png 768w, https:\/\/congresoestudiantesdoctorado.umh.es\/files\/2020\/10\/12-2.png 820w\" sizes=\"(max-width: 300px) 100vw, 300px\" \/> <img loading=\"lazy\" class=\"alignnone size-medium wp-image-180\" src=\"https:\/\/congresoestudiantesdoctorado.umh.es\/files\/2020\/10\/11-2-300x114.png\" alt=\"\" width=\"300\" height=\"114\" srcset=\"https:\/\/congresoestudiantesdoctorado.umh.es\/files\/2020\/10\/11-2-300x114.png 300w, https:\/\/congresoestudiantesdoctorado.umh.es\/files\/2020\/10\/11-2-768x292.png 768w, https:\/\/congresoestudiantesdoctorado.umh.es\/files\/2020\/10\/11-2.png 820w\" sizes=\"(max-width: 300px) 100vw, 300px\" \/> <img loading=\"lazy\" class=\"alignnone size-medium wp-image-179\" src=\"https:\/\/congresoestudiantesdoctorado.umh.es\/files\/2020\/10\/10-1-300x114.png\" alt=\"\" width=\"300\" height=\"114\" srcset=\"https:\/\/congresoestudiantesdoctorado.umh.es\/files\/2020\/10\/10-1-300x114.png 300w, https:\/\/congresoestudiantesdoctorado.umh.es\/files\/2020\/10\/10-1-768x292.png 768w, https:\/\/congresoestudiantesdoctorado.umh.es\/files\/2020\/10\/10-1.png 820w\" sizes=\"(max-width: 300px) 100vw, 300px\" \/> <img loading=\"lazy\" class=\"alignnone size-medium wp-image-176\" src=\"https:\/\/congresoestudiantesdoctorado.umh.es\/files\/2020\/10\/9-1-300x114.png\" alt=\"\" width=\"300\" height=\"114\" srcset=\"https:\/\/congresoestudiantesdoctorado.umh.es\/files\/2020\/10\/9-1-300x114.png 300w, https:\/\/congresoestudiantesdoctorado.umh.es\/files\/2020\/10\/9-1-768x292.png 768w, https:\/\/congresoestudiantesdoctorado.umh.es\/files\/2020\/10\/9-1.png 820w\" sizes=\"(max-width: 300px) 100vw, 300px\" \/> <img loading=\"lazy\" class=\"alignnone size-medium wp-image-186\" src=\"https:\/\/congresoestudiantesdoctorado.umh.es\/files\/2020\/10\/5-300x114.png\" alt=\"\" width=\"300\" height=\"114\" srcset=\"https:\/\/congresoestudiantesdoctorado.umh.es\/files\/2020\/10\/5-300x114.png 300w, https:\/\/congresoestudiantesdoctorado.umh.es\/files\/2020\/10\/5-768x292.png 768w, https:\/\/congresoestudiantesdoctorado.umh.es\/files\/2020\/10\/5.png 820w\" sizes=\"(max-width: 300px) 100vw, 300px\" \/> <img loading=\"lazy\" class=\"alignnone size-medium wp-image-188\" src=\"https:\/\/congresoestudiantesdoctorado.umh.es\/files\/2020\/10\/6-300x114.png\" alt=\"\" width=\"300\" height=\"114\" srcset=\"https:\/\/congresoestudiantesdoctorado.umh.es\/files\/2020\/10\/6-300x114.png 300w, https:\/\/congresoestudiantesdoctorado.umh.es\/files\/2020\/10\/6-768x292.png 768w, https:\/\/congresoestudiantesdoctorado.umh.es\/files\/2020\/10\/6.png 820w\" sizes=\"(max-width: 300px) 100vw, 300px\" \/> <img loading=\"lazy\" class=\"alignnone size-medium wp-image-189\" src=\"https:\/\/congresoestudiantesdoctorado.umh.es\/files\/2020\/10\/7-300x114.png\" alt=\"\" width=\"300\" height=\"114\" srcset=\"https:\/\/congresoestudiantesdoctorado.umh.es\/files\/2020\/10\/7-300x114.png 300w, https:\/\/congresoestudiantesdoctorado.umh.es\/files\/2020\/10\/7-768x292.png 768w, https:\/\/congresoestudiantesdoctorado.umh.es\/files\/2020\/10\/7.png 820w\" sizes=\"(max-width: 300px) 100vw, 300px\" \/> <img loading=\"lazy\" class=\"alignnone size-medium wp-image-192\" src=\"https:\/\/congresoestudiantesdoctorado.umh.es\/files\/2020\/10\/8-1-300x114.png\" alt=\"\" width=\"300\" height=\"114\" srcset=\"https:\/\/congresoestudiantesdoctorado.umh.es\/files\/2020\/10\/8-1-300x114.png 300w, https:\/\/congresoestudiantesdoctorado.umh.es\/files\/2020\/10\/8-1-768x292.png 768w, https:\/\/congresoestudiantesdoctorado.umh.es\/files\/2020\/10\/8-1.png 820w\" sizes=\"(max-width: 300px) 100vw, 300px\" \/> <img loading=\"lazy\" class=\"alignnone size-medium wp-image-194\" src=\"https:\/\/congresoestudiantesdoctorado.umh.es\/files\/2020\/10\/1-1-300x114.png\" alt=\"\" width=\"300\" height=\"114\" srcset=\"https:\/\/congresoestudiantesdoctorado.umh.es\/files\/2020\/10\/1-1-300x114.png 300w, https:\/\/congresoestudiantesdoctorado.umh.es\/files\/2020\/10\/1-1-768x292.png 768w, https:\/\/congresoestudiantesdoctorado.umh.es\/files\/2020\/10\/1-1.png 820w\" sizes=\"(max-width: 300px) 100vw, 300px\" \/> <img loading=\"lazy\" class=\"alignnone size-medium wp-image-204\" src=\"https:\/\/congresoestudiantesdoctorado.umh.es\/files\/2020\/10\/Ana-Bel\u00e9n-G\u00f3mez-Bellv\u00eds-300x114.png\" alt=\"\" width=\"300\" height=\"114\" srcset=\"https:\/\/congresoestudiantesdoctorado.umh.es\/files\/2020\/10\/Ana-Bel\u00e9n-G\u00f3mez-Bellv\u00eds-300x114.png 300w, https:\/\/congresoestudiantesdoctorado.umh.es\/files\/2020\/10\/Ana-Bel\u00e9n-G\u00f3mez-Bellv\u00eds-768x292.png 768w, https:\/\/congresoestudiantesdoctorado.umh.es\/files\/2020\/10\/Ana-Bel\u00e9n-G\u00f3mez-Bellv\u00eds.png 820w\" sizes=\"(max-width: 300px) 100vw, 300px\" \/> <img loading=\"lazy\" class=\"alignnone size-medium wp-image-201\" src=\"https:\/\/congresoestudiantesdoctorado.umh.es\/files\/2020\/10\/4-300x114.png\" alt=\"\" width=\"300\" height=\"114\" srcset=\"https:\/\/congresoestudiantesdoctorado.umh.es\/files\/2020\/10\/4-300x114.png 300w, https:\/\/congresoestudiantesdoctorado.umh.es\/files\/2020\/10\/4-768x292.png 768w, https:\/\/congresoestudiantesdoctorado.umh.es\/files\/2020\/10\/4.png 820w\" sizes=\"(max-width: 300px) 100vw, 300px\" \/> <img loading=\"lazy\" class=\"alignnone size-medium wp-image-198\" src=\"https:\/\/congresoestudiantesdoctorado.umh.es\/files\/2020\/10\/3-1-300x114.png\" alt=\"\" width=\"300\" height=\"114\" srcset=\"https:\/\/congresoestudiantesdoctorado.umh.es\/files\/2020\/10\/3-1-300x114.png 300w, https:\/\/congresoestudiantesdoctorado.umh.es\/files\/2020\/10\/3-1-768x292.png 768w, https:\/\/congresoestudiantesdoctorado.umh.es\/files\/2020\/10\/3-1.png 820w\" sizes=\"(max-width: 300px) 100vw, 300px\" \/> <img loading=\"lazy\" class=\"alignnone size-medium wp-image-197\" src=\"https:\/\/congresoestudiantesdoctorado.umh.es\/files\/2020\/10\/2-1-300x114.png\" alt=\"\" width=\"300\" height=\"114\" srcset=\"https:\/\/congresoestudiantesdoctorado.umh.es\/files\/2020\/10\/2-1-300x114.png 300w, https:\/\/congresoestudiantesdoctorado.umh.es\/files\/2020\/10\/2-1-768x292.png 768w, https:\/\/congresoestudiantesdoctorado.umh.es\/files\/2020\/10\/2-1.png 820w\" sizes=\"(max-width: 300px) 100vw, 300px\" \/><\/p>","protected":false},"excerpt":{"rendered":"<p>The first edition of the Annual Congress of Doctoral Students (CAED) was also international, as this year, but we did not incorporate it in the acronym. In any case, it is the same Congress (CAED = CAIED).<br \/>\nHere you have all the information about the first edition:<br \/>\nProgram<br \/>\nPoster list and link to the posters<br \/>\nYouTube list<br \/>\nBook of abstracts<br \/>\nOrganizing [&#8230;]<\/p>\n","protected":false},"author":11557,"featured_media":0,"parent":976,"menu_order":30,"comment_status":"closed","ping_status":"closed","template":"","meta":{"_links_to":"","_links_to_target":""},"_links":{"self":[{"href":"https:\/\/congresoestudiantesdoctorado.umh.es\/en\/wp-json\/wp\/v2\/pages\/850"}],"collection":[{"href":"https:\/\/congresoestudiantesdoctorado.umh.es\/en\/wp-json\/wp\/v2\/pages"}],"about":[{"href":"https:\/\/congresoestudiantesdoctorado.umh.es\/en\/wp-json\/wp\/v2\/types\/page"}],"author":[{"embeddable":true,"href":"https:\/\/congresoestudiantesdoctorado.umh.es\/en\/wp-json\/wp\/v2\/users\/11557"}],"replies":[{"embeddable":true,"href":"https:\/\/congresoestudiantesdoctorado.umh.es\/en\/wp-json\/wp\/v2\/comments?post=850"}],"version-history":[{"count":0,"href":"https:\/\/congresoestudiantesdoctorado.umh.es\/en\/wp-json\/wp\/v2\/pages\/850\/revisions"}],"up":[{"embeddable":true,"href":"https:\/\/congresoestudiantesdoctorado.umh.es\/en\/wp-json\/wp\/v2\/pages\/976"}],"wp:attachment":[{"href":"https:\/\/congresoestudiantesdoctorado.umh.es\/en\/wp-json\/wp\/v2\/media?parent=850"}],"curies":[{"name":"wp","href":"https:\/\/api.w.org\/{rel}","templated":true}]}}